{"id":97,"date":"2012-02-03T12:40:50","date_gmt":"2012-02-03T10:40:50","guid":{"rendered":"http:\/\/foto-passion.dyndns-at-home.com\/wpfotopassion\/?page_id=97"},"modified":"2018-06-01T09:27:36","modified_gmt":"2018-06-01T08:27:36","slug":"uberuns","status":"publish","type":"page","link":"http:\/\/foto-passion.com\/?page_id=97","title":{"rendered":"\u00dcberUns"},"content":{"rendered":"<p style=\"text-align: center;\" align=\"left\"><strong><img class=\"ngg-singlepic ngg-center aligncenter\" alt=\"ueber_uns-bild\" src=\"http:\/\/foto-passion.com\/wp-content\/gallery\/thumbs\/wir.jpg\" \/><\/strong><\/p>\n<p style=\"text-align: left;\" align=\"left\"><strong>\u00dcBER UNS <\/strong><\/p>\n<p style=\"text-align: justify;\">Die Fotografie nimmt seit einigen Jahren in unserem Leben einen sehr breiten Raum ein und gibt uns die M\u00f6glichkeit, unserer gro\u00dfen Naturverbundenheit auch im Bild Ausdruck zu verleihen. So bildet u. a. der Makrobereich einen Schwerpunkt unserer Naturfotografie und offenbart uns immer wieder die gro\u00dfen und kleinen Wunder der Natur in ihrer Sch\u00f6nheit und Einmaligkeit.<\/p>\n<p style=\"text-align: justify;\">Unsere Abenteuer- und Entdeckungslust und der Reiz, fremde Kulturen kennen zu lernen, hat uns schon viele L\u00e4nder bereisen lassen. Unsere gro\u00dfe Leidenschaft gilt jedoch den L\u00e4ndern des s\u00fcdlichen Afrika. Beeindruckende Landschaften, grenzenlosen Weite, faszinierender Tierreichtum, Stille und nicht zuletzt die Herzlichkeit der Menschen sind f\u00fcr uns Grund genug, dem Afrikavirus zu erliegen. So haben uns schon mehrere Reisen u. a. nach Namibia, Botswana und S\u00fcdafrika gef\u00fchrt und doch verlangt es uns immer wieder nach einer R\u00fcckkehr in diese L\u00e4nder. Eine individuelle Planung und Durchf\u00fchrung der Reise gestattet es uns, weitgehend flexibel zu sein und gen\u00fcgend Zeit f\u00fcr das Fotografieren zur Verf\u00fcgung zu haben. Reiseberichte stellen bei einer solchen individuellen Reiseplanung oft eine wertvolle Hilfe dar und so hoffen wir, dass auch unsere Reiseberichte dem einen oder anderen Gleichgesinnten Hilfestellung oder Anregung bei der eigenen Reiseplanung sein k\u00f6nnen.<\/p>\n<p align=\"right\">April 2008<\/p>\n<hr \/>\n<p align=\"left\"><strong>IMPRESSUM:<\/strong><\/p>\n<p align=\"left\"><strong>foto-passion.com<br \/>\n<\/strong> Uwe Kretzschmar<br \/>\nD-77933 Lahr\/Schwarzwald<br \/>\nE-Mail: info@foto-passion.com<\/p>\n<p align=\"left\">Inhaltlich Verantwortlicher gem\u00e4\u00df \u00a7 10 MDStV:<br \/>\nUwe Kretzschmar<\/p>\n<p align=\"left\">Das gesamte Bildmaterial auf dieser Webseite ist in vollem Umfang durch die Bestimmungen des Urheberschutzgesetzes gesch\u00fctzt. Jegliche Nutzung, Reproduktion sowie Verbreitung &#8211; privater oder gewerblicher Art &#8211; ist untersagt und bedarf der vorherigen schriftlichen Zustimmung durch die Bildautoren.<br \/>\nAlle Rechte obliegen den Fotografen.<\/p>\n<p align=\"left\">Copyright \u00a9 by Kerstin und Uwe Kretzschmar<br \/>\nHomepage created by Uwe Kretzschmar<\/p>\n<p align=\"left\">Haftungshinweis: Trotz sorgf\u00e4ltiger inhaltlicher Kontrolle \u00fcbernehmen wir keine Haftung f\u00fcr die Inhalte externer Links. F\u00fcr den Inhalt der verlinkten Seiten sind ausschlie\u00dflich deren Betreiber verantwortlich.<\/p>\n","protected":false},"excerpt":{"rendered":"<p>\u00dcBER UNS Die Fotografie nimmt seit einigen Jahren in unserem Leben einen sehr breiten Raum ein und gibt uns die M\u00f6glichkeit, unserer gro\u00dfen Naturverbundenheit auch im Bild Ausdruck zu verleihen. So bildet u. a. der Makrobereich einen Schwerpunkt unserer Naturfotografie und offenbart uns immer wieder die gro\u00dfen und kleinen Wunder der Natur in ihrer Sch\u00f6nheit <a href='http:\/\/foto-passion.com\/?page_id=97' class='excerpt-more'>[&#8230;]<\/a><\/p>\n","protected":false},"author":2,"featured_media":0,"parent":0,"menu_order":0,"comment_status":"closed","ping_status":"closed","template":"no-sidebars.php","meta":{"ngg_post_thumbnail":0},"yoast_head":"<!-- This site is optimized with the Yoast SEO plugin v16.2 - https:\/\/yoast.com\/wordpress\/plugins\/seo\/ -->\n<meta name=\"description\" content=\"\u00dcberUns\" \/>\n<meta name=\"robots\" content=\"index, follow, max-snippet:-1, max-image-preview:large, max-video-preview:-1\" \/>\n<link rel=\"canonical\" href=\"http:\/\/foto-passion.com\/?page_id=97\" \/>\n<meta name=\"twitter:label1\" content=\"Gesch\u00e4tzte Lesezeit\">\n\t<meta name=\"twitter:data1\" content=\"2\u00a0Minuten\">\n<script type=\"application\/ld+json\" class=\"yoast-schema-graph\">{\"@context\":\"https:\/\/schema.org\",\"@graph\":[{\"@type\":\"WebSite\",\"@id\":\"http:\/\/foto-passion.com\/#website\",\"url\":\"http:\/\/foto-passion.com\/\",\"name\":\"foto-passion\",\"description\":\"Natur- und Landschaftsfotografie\",\"potentialAction\":[{\"@type\":\"SearchAction\",\"target\":\"http:\/\/foto-passion.com\/?s={search_term_string}\",\"query-input\":\"required name=search_term_string\"}],\"inLanguage\":\"de\"},{\"@type\":\"ImageObject\",\"@id\":\"http:\/\/foto-passion.com\/?page_id=97#primaryimage\",\"inLanguage\":\"de\",\"url\":\"http:\/\/foto-passion.com\/wp-content\/gallery\/thumbs\/wir.jpg\",\"contentUrl\":\"http:\/\/foto-passion.com\/wp-content\/gallery\/thumbs\/wir.jpg\"},{\"@type\":\"WebPage\",\"@id\":\"http:\/\/foto-passion.com\/?page_id=97#webpage\",\"url\":\"http:\/\/foto-passion.com\/?page_id=97\",\"name\":\"\\u00dcberUns\",\"isPartOf\":{\"@id\":\"http:\/\/foto-passion.com\/#website\"},\"primaryImageOfPage\":{\"@id\":\"http:\/\/foto-passion.com\/?page_id=97#primaryimage\"},\"datePublished\":\"2012-02-03T10:40:50+00:00\",\"dateModified\":\"2018-06-01T08:27:36+00:00\",\"description\":\"\\u00dcberUns\",\"breadcrumb\":{\"@id\":\"http:\/\/foto-passion.com\/?page_id=97#breadcrumb\"},\"inLanguage\":\"de\",\"potentialAction\":[{\"@type\":\"ReadAction\",\"target\":[\"http:\/\/foto-passion.com\/?page_id=97\"]}]},{\"@type\":\"BreadcrumbList\",\"@id\":\"http:\/\/foto-passion.com\/?page_id=97#breadcrumb\",\"itemListElement\":[{\"@type\":\"ListItem\",\"position\":1,\"item\":{\"@id\":\"http:\/\/foto-passion.com\/?page_id=97#webpage\"}}]}]}<\/script>\n<!-- \/ Yoast SEO plugin. -->","_links":{"self":[{"href":"http:\/\/foto-passion.com\/index.php?rest_route=\/wp\/v2\/pages\/97"}],"collection":[{"href":"http:\/\/foto-passion.com\/index.php?rest_route=\/wp\/v2\/pages"}],"about":[{"href":"http:\/\/foto-passion.com\/index.php?rest_route=\/wp\/v2\/types\/page"}],"author":[{"embeddable":true,"href":"http:\/\/foto-passion.com\/index.php?rest_route=\/wp\/v2\/users\/2"}],"replies":[{"embeddable":true,"href":"http:\/\/foto-passion.com\/index.php?rest_route=%2Fwp%2Fv2%2Fcomments&post=97"}],"version-history":[{"count":0,"href":"http:\/\/foto-passion.com\/index.php?rest_route=\/wp\/v2\/pages\/97\/revisions"}],"wp:attachment":[{"href":"http:\/\/foto-passion.com\/index.php?rest_route=%2Fwp%2Fv2%2Fmedia&parent=97"}],"curies":[{"name":"wp","href":"https:\/\/api.w.org\/{rel}","templated":true}]}}